{"id":3228,"date":"2022-08-25T16:34:06","date_gmt":"2022-08-25T13:34:06","guid":{"rendered":"https:\/\/yoncali.com.tr\/?page_id=3228"},"modified":"2022-08-25T16:47:40","modified_gmt":"2022-08-25T13:47:40","slug":"urunlerimiz","status":"publish","type":"page","link":"https:\/\/yoncali.com.tr\/?page_id=3228","title":{"rendered":"\u00dcr\u00fcnlerimiz"},"content":{"rendered":"\t\t<div data-elementor-type=\"wp-page\" data-elementor-id=\"3228\" class=\"elementor elementor-3228\">\n\t\t\t\t\t\t\t\t\t<section class=\"elementor-section elementor-top-section elementor-element elementor-element-55210e9 elementor-section-boxed elementor-section-height-default elementor-section-height-default\" data-id=\"55210e9\" data-element_type=\"section\">\n\t\t\t\t\t\t<div class=\"elementor-container elementor-column-gap-default\">\n\t\t\t\t\t<div class=\"elementor-column elementor-col-100 elementor-top-column elementor-element elementor-element-5fcbfcd\" data-id=\"5fcbfcd\" data-element_type=\"column\">\n\t\t\t<div class=\"elementor-widget-wrap elementor-element-populated\">\n\t\t\t\t\t\t\t\t<div class=\"elementor-element elementor-element-b672abe elementor-widget elementor-widget-easton_service\" data-id=\"b672abe\" data-element_type=\"widget\" data-widget_type=\"easton_service.default\">\n\t\t\t\t<div class=\"elementor-widget-container\">\n\t\t\t\t\t\n        <section class=\"service-style-two service-page-1 sec-pad \">\n            <div class=\"auto-container\">\n\t\t\t\t                <div class=\"row clearfix\">\n\t\t\t\t\n\t\t\t\t\t\t\t\t\t\n                    <div class=\"service-block-one\">\n                        <div class=\"inner-box\">\n                            <div class=\"image-box p_relative d_block\">\n                                <div class=\"shape-1 p_absolute l_0 b_0\"><\/div>\n                                <div class=\"shape-2 p_absolute l_0 b_0\"><\/div>\n                                <figure class=\"image p_relative d_block\">\n\t\t\t\t\t\t\t\t\t<a href=\"https:\/\/yoncali.com.tr\/easton_project\/kahverengi-yumurta\/\">\n\t\t\t\t\t\t\t\t\t\t\t\t\t\t\t\t\t\t\t\t<img decoding=\"async\" src=\"https:\/\/yoncali.com.tr\/wp-content\/uploads\/2022\/07\/yumurta1.jpg\" alt=\"\">\n\t\t\t\t\t\t\t\t\t\t\t\t\t\t\t\t\t\t\t<\/a>\n\t\t\t\t\t\t\t\t<\/figure>\n                            <\/div>\n                            <div class=\"lower-content p_relative d_block\">\n                                <div class=\"icon-box p_absolute r_30 w_90 h_90 lh_90 fs_40 b_radius_50 centred\"><i class=\"fas fa-egg\"><\/i><\/div>\n                                <h3><a href=\"https:\/\/yoncali.com.tr\/easton_project\/kahverengi-yumurta\/\">Kahverengi Yumurta<\/a><\/h3>\n                                <p><\/p>\n\t\t\t\t\t\t\t\t\n\t\t\t\t\t\t\t\t                                <div class=\"link\"><a href=\"https:\/\/yoncali.com.tr\/easton_project\/kahverengi-yumurta\/\">\u0130ncele<i class=\"icon-7\"><\/i><\/a><\/div>\n\t\t\t\t\t\t\t\t                            <\/div>\n                        <\/div>\n                    <\/div>\n\t\t\t\t\t\n\t\t\t\t\t\t\t\t\t\n                    <div class=\"service-block-one\">\n                        <div class=\"inner-box\">\n                            <div class=\"image-box p_relative d_block\">\n                                <div class=\"shape-1 p_absolute l_0 b_0\"><\/div>\n                                <div class=\"shape-2 p_absolute l_0 b_0\"><\/div>\n                                <figure class=\"image p_relative d_block\">\n\t\t\t\t\t\t\t\t\t<a href=\"https:\/\/yoncali.com.tr\/easton_project\/omega-3-yumurta\/\">\n\t\t\t\t\t\t\t\t\t\t\t\t\t\t\t\t\t\t\t\t<img decoding=\"async\" src=\"https:\/\/yoncali.com.tr\/wp-content\/uploads\/2022\/07\/yumurta2.jpg\" alt=\"\">\n\t\t\t\t\t\t\t\t\t\t\t\t\t\t\t\t\t\t\t<\/a>\n\t\t\t\t\t\t\t\t<\/figure>\n                            <\/div>\n                            <div class=\"lower-content p_relative d_block\">\n                                <div class=\"icon-box p_absolute r_30 w_90 h_90 lh_90 fs_40 b_radius_50 centred\"><i class=\"fas fa-egg\"><\/i><\/div>\n                                <h3><a href=\"https:\/\/yoncali.com.tr\/easton_project\/omega-3-yumurta\/\">Omega 3 Yumurta<\/a><\/h3>\n                                <p><\/p>\n\t\t\t\t\t\t\t\t\n\t\t\t\t\t\t\t\t                                <div class=\"link\"><a href=\"https:\/\/yoncali.com.tr\/easton_project\/omega-3-yumurta\/\">\u0130ncele<i class=\"icon-7\"><\/i><\/a><\/div>\n\t\t\t\t\t\t\t\t                            <\/div>\n                        <\/div>\n                    <\/div>\n\t\t\t\t\t\n\t\t\t\t\t\t\t\t\t\n                    <div class=\"service-block-one\">\n                        <div class=\"inner-box\">\n                            <div class=\"image-box p_relative d_block\">\n                                <div class=\"shape-1 p_absolute l_0 b_0\"><\/div>\n                                <div class=\"shape-2 p_absolute l_0 b_0\"><\/div>\n                                <figure class=\"image p_relative d_block\">\n\t\t\t\t\t\t\t\t\t<a href=\"https:\/\/yoncali.com.tr\/easton_project\/selenyum-yumurta\/\">\n\t\t\t\t\t\t\t\t\t\t\t\t\t\t\t\t\t\t\t\t<img decoding=\"async\" src=\"https:\/\/yoncali.com.tr\/wp-content\/uploads\/2022\/07\/yumurta3.jpg\" alt=\"\">\n\t\t\t\t\t\t\t\t\t\t\t\t\t\t\t\t\t\t\t<\/a>\n\t\t\t\t\t\t\t\t<\/figure>\n                            <\/div>\n                            <div class=\"lower-content p_relative d_block\">\n                                <div class=\"icon-box p_absolute r_30 w_90 h_90 lh_90 fs_40 b_radius_50 centred\"><i class=\"fas fa-egg\"><\/i><\/div>\n                                <h3><a href=\"https:\/\/yoncali.com.tr\/easton_project\/selenyum-yumurta\/\">Selenyum Yumurta<\/a><\/h3>\n                                <p><\/p>\n\t\t\t\t\t\t\t\t\n\t\t\t\t\t\t\t\t                                <div class=\"link\"><a href=\"https:\/\/yoncali.com.tr\/easton_project\/selenyum-yumurta\/\">\u0130ncele<i class=\"icon-7\"><\/i><\/a><\/div>\n\t\t\t\t\t\t\t\t                            <\/div>\n                        <\/div>\n                    <\/div>\n\t\t\t\t\t\n\t\t\t\t\t\t\t\t\t\n                    <div class=\"service-block-one\">\n                        <div class=\"inner-box\">\n                            <div class=\"image-box p_relative d_block\">\n                                <div class=\"shape-1 p_absolute l_0 b_0\"><\/div>\n                                <div class=\"shape-2 p_absolute l_0 b_0\"><\/div>\n                                <figure class=\"image p_relative d_block\">\n\t\t\t\t\t\t\t\t\t<a href=\"https:\/\/yoncali.com.tr\/easton_project\/cift-sarili-yumurta\/\">\n\t\t\t\t\t\t\t\t\t\t\t\t\t\t\t\t\t\t\t\t<img decoding=\"async\" src=\"https:\/\/yoncali.com.tr\/wp-content\/uploads\/2022\/07\/crate-of-eggs-2021-08-26-18-36-44-utc-scaled.jpg\" alt=\"\">\n\t\t\t\t\t\t\t\t\t\t\t\t\t\t\t\t\t\t\t<\/a>\n\t\t\t\t\t\t\t\t<\/figure>\n                            <\/div>\n                            <div class=\"lower-content p_relative d_block\">\n                                <div class=\"icon-box p_absolute r_30 w_90 h_90 lh_90 fs_40 b_radius_50 centred\"><i class=\"fas fa-egg\"><\/i><\/div>\n                                <h3><a href=\"https:\/\/yoncali.com.tr\/easton_project\/cift-sarili-yumurta\/\">\u00c7ift Sar\u0131l\u0131 Yumurta<\/a><\/h3>\n                                <p><\/p>\n\t\t\t\t\t\t\t\t\n\t\t\t\t\t\t\t\t                                <div class=\"link\"><a href=\"https:\/\/yoncali.com.tr\/easton_project\/cift-sarili-yumurta\/\">\u0130ncele<i class=\"icon-7\"><\/i><\/a><\/div>\n\t\t\t\t\t\t\t\t                            <\/div>\n                        <\/div>\n                    <\/div>\n\t\t\t\t\t\n\t\t\t\t\t\t\t\t\t\n                    <div class=\"service-block-one\">\n                        <div class=\"inner-box\">\n                            <div class=\"image-box p_relative d_block\">\n                                <div class=\"shape-1 p_absolute l_0 b_0\"><\/div>\n                                <div class=\"shape-2 p_absolute l_0 b_0\"><\/div>\n                                <figure class=\"image p_relative d_block\">\n\t\t\t\t\t\t\t\t\t<a href=\"https:\/\/yoncali.com.tr\/easton_project\/serbest-gezen-yumurta\/\">\n\t\t\t\t\t\t\t\t\t\t\t\t\t\t\t\t\t\t\t\t<img decoding=\"async\" src=\"https:\/\/yoncali.com.tr\/wp-content\/uploads\/2022\/07\/organic-eggs-2022-01-18-23-43-27-utc-scaled.jpg\" alt=\"\">\n\t\t\t\t\t\t\t\t\t\t\t\t\t\t\t\t\t\t\t<\/a>\n\t\t\t\t\t\t\t\t<\/figure>\n                            <\/div>\n                            <div class=\"lower-content p_relative d_block\">\n                                <div class=\"icon-box p_absolute r_30 w_90 h_90 lh_90 fs_40 b_radius_50 centred\"><i class=\"fas fa-egg\"><\/i><\/div>\n                                <h3><a href=\"https:\/\/yoncali.com.tr\/easton_project\/serbest-gezen-yumurta\/\">Serbest Gezen Yumurta<\/a><\/h3>\n                                <p><\/p>\n\t\t\t\t\t\t\t\t\n\t\t\t\t\t\t\t\t                                <div class=\"link\"><a href=\"https:\/\/yoncali.com.tr\/easton_project\/serbest-gezen-yumurta\/\">\u0130ncele<i class=\"icon-7\"><\/i><\/a><\/div>\n\t\t\t\t\t\t\t\t                            <\/div>\n                        <\/div>\n                    <\/div>\n\t\t\t\t\t\n\t\t\t\t\t\t\t\t\t\n                    <div class=\"service-block-one\">\n                        <div class=\"inner-box\">\n                            <div class=\"image-box p_relative d_block\">\n                                <div class=\"shape-1 p_absolute l_0 b_0\"><\/div>\n                                <div class=\"shape-2 p_absolute l_0 b_0\"><\/div>\n                                <figure class=\"image p_relative d_block\">\n\t\t\t\t\t\t\t\t\t<a href=\"https:\/\/yoncali.com.tr\/easton_project\/15li-orta-boy\/\">\n\t\t\t\t\t\t\t\t\t\t\t\t\t\t\t\t\t\t\t\t<img decoding=\"async\" src=\"https:\/\/yoncali.com.tr\/wp-content\/uploads\/2022\/07\/yumurta1.jpg\" alt=\"\">\n\t\t\t\t\t\t\t\t\t\t\t\t\t\t\t\t\t\t\t<\/a>\n\t\t\t\t\t\t\t\t<\/figure>\n                            <\/div>\n                            <div class=\"lower-content p_relative d_block\">\n                                <div class=\"icon-box p_absolute r_30 w_90 h_90 lh_90 fs_40 b_radius_50 centred\"><i class=\"fas fa-egg\"><\/i><\/div>\n                                <h3><a href=\"https:\/\/yoncali.com.tr\/easton_project\/15li-orta-boy\/\">15Li Orta Boy<\/a><\/h3>\n                                <p><\/p>\n\t\t\t\t\t\t\t\t\n\t\t\t\t\t\t\t\t                                <div class=\"link\"><a href=\"https:\/\/yoncali.com.tr\/easton_project\/15li-orta-boy\/\">\u0130ncele<i class=\"icon-7\"><\/i><\/a><\/div>\n\t\t\t\t\t\t\t\t                            <\/div>\n                        <\/div>\n                    <\/div>\n\t\t\t\t\t\n\t\t\t\t\t\t\t\t\t\n                    <div class=\"service-block-one\">\n                        <div class=\"inner-box\">\n                            <div class=\"image-box p_relative d_block\">\n                                <div class=\"shape-1 p_absolute l_0 b_0\"><\/div>\n                                <div class=\"shape-2 p_absolute l_0 b_0\"><\/div>\n                                <figure class=\"image p_relative d_block\">\n\t\t\t\t\t\t\t\t\t<a href=\"https:\/\/yoncali.com.tr\/easton_project\/15li-buyuk-boy\/\">\n\t\t\t\t\t\t\t\t\t\t\t\t\t\t\t\t\t\t\t\t<img decoding=\"async\" src=\"https:\/\/yoncali.com.tr\/wp-content\/uploads\/2022\/07\/yumurta2.jpg\" alt=\"\">\n\t\t\t\t\t\t\t\t\t\t\t\t\t\t\t\t\t\t\t<\/a>\n\t\t\t\t\t\t\t\t<\/figure>\n                            <\/div>\n                            <div class=\"lower-content p_relative d_block\">\n                                <div class=\"icon-box p_absolute r_30 w_90 h_90 lh_90 fs_40 b_radius_50 centred\"><i class=\"fas fa-egg\"><\/i><\/div>\n                                <h3><a href=\"https:\/\/yoncali.com.tr\/easton_project\/15li-buyuk-boy\/\">15Li B\u00fcy\u00fck Boy<\/a><\/h3>\n                                <p><\/p>\n\t\t\t\t\t\t\t\t\n\t\t\t\t\t\t\t\t                                <div class=\"link\"><a href=\"https:\/\/yoncali.com.tr\/easton_project\/15li-buyuk-boy\/\">\u0130ncele<i class=\"icon-7\"><\/i><\/a><\/div>\n\t\t\t\t\t\t\t\t                            <\/div>\n                        <\/div>\n                    <\/div>\n\t\t\t\t\t\n\t\t\t\t\t\t\t\t\t\n                    <div class=\"service-block-one\">\n                        <div class=\"inner-box\">\n                            <div class=\"image-box p_relative d_block\">\n                                <div class=\"shape-1 p_absolute l_0 b_0\"><\/div>\n                                <div class=\"shape-2 p_absolute l_0 b_0\"><\/div>\n                                <figure class=\"image p_relative d_block\">\n\t\t\t\t\t\t\t\t\t<a href=\"https:\/\/yoncali.com.tr\/easton_project\/30lu-buyuk-boy\/\">\n\t\t\t\t\t\t\t\t\t\t\t\t\t\t\t\t\t\t\t\t<img decoding=\"async\" src=\"https:\/\/yoncali.com.tr\/wp-content\/uploads\/2022\/07\/yumurta3.jpg\" alt=\"\">\n\t\t\t\t\t\t\t\t\t\t\t\t\t\t\t\t\t\t\t<\/a>\n\t\t\t\t\t\t\t\t<\/figure>\n                            <\/div>\n                            <div class=\"lower-content p_relative d_block\">\n                                <div class=\"icon-box p_absolute r_30 w_90 h_90 lh_90 fs_40 b_radius_50 centred\"><i class=\"fas fa-egg\"><\/i><\/div>\n                                <h3><a href=\"https:\/\/yoncali.com.tr\/easton_project\/30lu-buyuk-boy\/\">30Lu B\u00fcy\u00fck Boy<\/a><\/h3>\n                                <p><\/p>\n\t\t\t\t\t\t\t\t\n\t\t\t\t\t\t\t\t                                <div class=\"link\"><a href=\"https:\/\/yoncali.com.tr\/easton_project\/30lu-buyuk-boy\/\">\u0130ncele<i class=\"icon-7\"><\/i><\/a><\/div>\n\t\t\t\t\t\t\t\t                            <\/div>\n                        <\/div>\n                    <\/div>\n\t\t\t\t\t\n\t\t\t\t\t\t\t\t\t\n                    <div class=\"service-block-one\">\n                        <div class=\"inner-box\">\n                            <div class=\"image-box p_relative d_block\">\n                                <div class=\"shape-1 p_absolute l_0 b_0\"><\/div>\n                                <div class=\"shape-2 p_absolute l_0 b_0\"><\/div>\n                                <figure class=\"image p_relative d_block\">\n\t\t\t\t\t\t\t\t\t<a href=\"https:\/\/yoncali.com.tr\/easton_project\/organik-yumurta\/\">\n\t\t\t\t\t\t\t\t\t\t\t\t\t\t\t\t\t\t\t\t<img decoding=\"async\" src=\"https:\/\/yoncali.com.tr\/wp-content\/uploads\/2022\/07\/crate-of-eggs-2021-08-26-18-36-44-utc-scaled.jpg\" alt=\"\">\n\t\t\t\t\t\t\t\t\t\t\t\t\t\t\t\t\t\t\t<\/a>\n\t\t\t\t\t\t\t\t<\/figure>\n                            <\/div>\n                            <div class=\"lower-content p_relative d_block\">\n                                <div class=\"icon-box p_absolute r_30 w_90 h_90 lh_90 fs_40 b_radius_50 centred\"><i class=\"fas fa-egg\"><\/i><\/div>\n                                <h3><a href=\"https:\/\/yoncali.com.tr\/easton_project\/organik-yumurta\/\">Organik Yumurta<\/a><\/h3>\n                                <p><\/p>\n\t\t\t\t\t\t\t\t\n\t\t\t\t\t\t\t\t                                <div class=\"link\"><a href=\"https:\/\/yoncali.com.tr\/easton_project\/organik-yumurta\/\">\u0130ncele<i class=\"icon-7\"><\/i><\/a><\/div>\n\t\t\t\t\t\t\t\t                            <\/div>\n                        <\/div>\n                    <\/div>\n\t\t\t\t\t\n\t\t\t\t\t\t\t\t\t\t\n                <\/div>\n            <\/div>\n        <\/section>\n             \n\t\t\t\t<\/div>\n\t\t\t\t<\/div>\n\t\t\t\t\t<\/div>\n\t\t<\/div>\n\t\t\t\t\t\t\t<\/div>\n\t\t<\/section>\n\t\t\t\t\t\t\t<\/div>\n\t\t","protected":false},"excerpt":{"rendered":"<p>Kahverengi Yumurta \u0130ncele Omega 3 Yumurta \u0130ncele Selenyum Yumurta \u0130ncele \u00c7ift Sar\u0131l\u0131 Yumurta \u0130ncele Serbest Gezen Yumurta \u0130ncele 15Li Orta Boy \u0130ncele 15Li B\u00fcy\u00fck Boy \u0130ncele 30Lu B\u00fcy\u00fck Boy \u0130ncele Organik Yumurta \u0130ncele<\/p>\n","protected":false},"author":1,"featured_media":0,"parent":0,"menu_order":0,"comment_status":"closed","ping_status":"closed","template":"","meta":{"footnotes":""},"class_list":["post-3228","page","type-page","status-publish","hentry"],"_links":{"self":[{"href":"https:\/\/yoncali.com.tr\/index.php?rest_route=\/wp\/v2\/pages\/3228","targetHints":{"allow":["GET"]}}],"collection":[{"href":"https:\/\/yoncali.com.tr\/index.php?rest_route=\/wp\/v2\/pages"}],"about":[{"href":"https:\/\/yoncali.com.tr\/index.php?rest_route=\/wp\/v2\/types\/page"}],"author":[{"embeddable":true,"href":"https:\/\/yoncali.com.tr\/index.php?rest_route=\/wp\/v2\/users\/1"}],"replies":[{"embeddable":true,"href":"https:\/\/yoncali.com.tr\/index.php?rest_route=%2Fwp%2Fv2%2Fcomments&post=3228"}],"version-history":[{"count":7,"href":"https:\/\/yoncali.com.tr\/index.php?rest_route=\/wp\/v2\/pages\/3228\/revisions"}],"predecessor-version":[{"id":3247,"href":"https:\/\/yoncali.com.tr\/index.php?rest_route=\/wp\/v2\/pages\/3228\/revisions\/3247"}],"wp:attachment":[{"href":"https:\/\/yoncali.com.tr\/index.php?rest_route=%2Fwp%2Fv2%2Fmedia&parent=3228"}],"curies":[{"name":"wp","href":"https:\/\/api.w.org\/{rel}","templated":true}]}}